{"id":1331,"date":"2022-05-18T10:59:40","date_gmt":"2022-05-18T10:59:40","guid":{"rendered":"https:\/\/qantumthemes.xyz\/kentha\/demo12\/home-02\/"},"modified":"2025-06-16T13:57:30","modified_gmt":"2025-06-16T18:57:30","slug":"home-02","status":"publish","type":"page","link":"https:\/\/www.rubensraight.com\/","title":{"rendered":"Home 02"},"content":{"rendered":"\t\t<div data-elementor-type=\"wp-page\" data-elementor-id=\"1331\" class=\"elementor elementor-1331\" data-elementor-post-type=\"page\">\n\t\t\t\t\t\t<section class=\"elementor-section elementor-top-section elementor-element elementor-element-b0e84fe elementor-section-full_width elementor-section-height-min-height elementor-section-height-default elementor-section-items-middle\" data-id=\"b0e84fe\" data-element_type=\"section\" data-settings=\"{&quot;background_background&quot;:&quot;classic&quot;}\">\n\t\t\t\t\t\t\t<div class=\"elementor-background-overlay\"><\/div>\n\t\t\t\t\t\t\t<div class=\"elementor-container elementor-column-gap-default\">\n\t\t\t\t\t<div class=\"elementor-column elementor-col-100 elementor-top-column elementor-element elementor-element-fc1cba0\" data-id=\"fc1cba0\" data-element_type=\"column\">\n\t\t\t<div class=\"elementor-widget-wrap elementor-element-populated\">\n\t\t\t\t\t\t<div class=\"elementor-element elementor-element-0d9f192 elementor-invisible elementor-widget elementor-widget-kentha-elementor-3dheader\" data-id=\"0d9f192\" data-element_type=\"widget\" data-settings=\"{&quot;_animation&quot;:&quot;fadeInUp&quot;}\" data-widget_type=\"kentha-elementor-3dheader.default\">\n\t\t\t\t<div class=\"elementor-widget-container\">\n\t\t\t\t\t\t<div class=\"kentha-elementor-3d-header qt-perspectivecard-wrapper \">\n\t\t<div class=\"qt-perspectivecard\"  data-bgimage=\"\"  >\n\t\t\t\n\t\t\t\t\t\t\t<div class=\"qt-perspectivecard__bg2\" data-bgimage=\"https:\/\/www.rubensraight.com\/wp-content\/uploads\/2025\/06\/background-ekun.webp\"><\/div>\n\t\t\t\t\t\t\t\t<div class=\"qt-perspectivecard__bg4\" data-bgimage=\"https:\/\/www.rubensraight.com\/wp-content\/uploads\/2023\/04\/KENTHA-DEMO12-3D-HEADER-DJ-fg1b.png\"><\/div>\n\t\t\t\t\t\t\t\t<div class=\"qt-perspectivecard__fg2\" data-bgimage=\"https:\/\/www.rubensraight.com\/wp-content\/uploads\/2023\/04\/KENTHA-DEMO12-3D-HEADER-DJ-fg2b.png\"><\/div>\n\t\t\t\t\t\t\t\t\t\t\t\t\t\t\t<p>\n\t\t\t\t\t\t\t\t<a href=\"https:\/\/open.spotify.com\/intl-es\/artist\/6xRuODBC4nWaSdY7y8jTUi?si=Uqjfulz5RdufUPBJ-CJzOA\" class=\"qt-btn qt-btn-primary qt-btn-xl\">06.20.2025 - &quot;EkuN&quot; - NEW SINGLE!<\/a>\n\t\t\t\t\t\t\t<\/p>\n\t\t\t\t\t\t\t\t\t<\/div>\n\n\t<\/div>\n\t\t\t\t\t<\/div>\n\t\t\t\t<\/div>\n\t\t\t\t\t<\/div>\n\t\t<\/div>\n\t\t\t\t\t<\/div>\n\t\t<\/section>\n\t\t\t\t<section class=\"elementor-section elementor-top-section elementor-element elementor-element-c35d805 elementor-section-boxed elementor-section-height-default elementor-section-height-default\" data-id=\"c35d805\" data-element_type=\"section\" data-settings=\"{&quot;shape_divider_top&quot;:&quot;tilt&quot;}\">\n\t\t\t\t\t<div class=\"elementor-shape elementor-shape-top\" aria-hidden=\"true\" data-negative=\"false\">\n\t\t\t<svg xmlns=\"http:\/\/www.w3.org\/2000\/svg\" viewBox=\"0 0 1000 100\" preserveAspectRatio=\"none\">\n\t<path class=\"elementor-shape-fill\" d=\"M0,6V0h1000v100L0,6z\"\/>\n<\/svg>\t\t<\/div>\n\t\t\t\t\t<div class=\"elementor-container elementor-column-gap-default\">\n\t\t\t\t\t<div class=\"elementor-column elementor-col-100 elementor-top-column elementor-element elementor-element-3c775c2\" data-id=\"3c775c2\" data-element_type=\"column\">\n\t\t\t<div class=\"elementor-widget-wrap elementor-element-populated\">\n\t\t\t\t\t\t<div class=\"elementor-element elementor-element-dcdcb7f elementor-invisible elementor-widget elementor-widget-kentha-elementor-section-caption\" data-id=\"dcdcb7f\" data-element_type=\"widget\" data-settings=\"{&quot;_animation&quot;:&quot;fadeInUp&quot;,&quot;_animation_delay&quot;:100}\" data-widget_type=\"kentha-elementor-section-caption.default\">\n\t\t\t\t<div class=\"elementor-widget-container\">\n\t\t\t\t\t\t\t<h2 id=\"qttabseddd-top-tracks\" class=\"qt-center qt-qttabseddd-top-tracks qt-textfx-wrap qt-fontsize-h1\">\n\t\t\t\t\t\t\t\t<span class=\"qt-txtfx qt-txtfx--ibiza\"><span  data-letters=\"TOP TRACKS\">TOP TRACKS<\/span><\/span>\n\t\t\t\t\t\t\t<\/h2>\n\t\t\t\t<div data-kentha-customstyles=\"\/* Shortcode dynamically generated CSS *\/\n\t\t\t\t\t.qt-qttabseddd-top-tracks .qt-txtfx--ibiza, .qt-qttabseddd-top-tracks .qt-txtfx--ibiza.qt-txtfxstart { color: #FFDF00}\n\t\t\t\t\t.qt-qttabseddd-top-tracks .qt-txtfx--ibiza span::before { color: #000000}\n\t\t\t\t\t.qt-qttabseddd-top-tracks .qt-txtfx--ibiza::after { background: #FFDF00}\"><\/div>\n\t\t\t\t\t\t<\/div>\n\t\t\t\t<\/div>\n\t\t\t\t<div class=\"elementor-element elementor-element-7a8c706 elementor-invisible elementor-widget elementor-widget-kentha-elementor-playlist-custom\" data-id=\"7a8c706\" data-element_type=\"widget\" data-settings=\"{&quot;_animation&quot;:&quot;fadeInUp&quot;,&quot;_animation_delay&quot;:500}\" data-widget_type=\"kentha-elementor-playlist-custom.default\">\n\t\t\t\t<div class=\"elementor-widget-container\">\n\t\t\t\t\t\t\t\t\t<div class=\"qt-playlist-large\">\n\t\t\t\t\t<ul class=\"qt-playlist\">\n\t\t\t\t\t\t\t\t\t\t\t<li class=\"qtmusicplayer-trackitem\">\n\t\t\t\t\t\t\t\t\t\t\t\t\t\t\t<img decoding=\"async\" src=\"https:\/\/www.rubensraight.com\/wp-content\/uploads\/2017\/11\/Sanguis.jpeg\" alt=\"Sanguis Electro\">\n\t\t\t\t\t\t\t\t\t\t\t\t\t\t\t<span class=\"qt-play qt-link-sec qtmusicplayer-play-btn\" data-qtmplayer-cover=\"https:\/\/www.rubensraight.com\/wp-content\/uploads\/2017\/11\/Sanguis.jpeg\" data-qtmplayer-file=\"https:\/\/www.rubensraight.com\/wp-content\/uploads\/2017\/11\/SanguisElectro-Original-Mix.mp3\" \n\t\t\t\t\t\t\t\tdata-qtmplayer-title=\"Sanguis Electro\" \n\t\t\t\t\t\t\t\tdata-qtmplayer-artist=\"Rubens R\u00e4ight\" \n\t\t\t\t\t\t\t\tdata-qtmplayer-album=\"\"\n\t\t\t\t\t\t\t\tdata-qtmplayer-link=\"https:\/\/www.beatport.com\/es\/release\/sanguis-electro\/4135341\" \n\t\t\t\t\t\t\t\tdata-qtmplayer-buylink=\"https:\/\/www.beatport.com\/es\/release\/sanguis-electro\/4135341\" \n\t\t\t\t\t\t\t\tdata-qtmplayer-icon=\"file_download\" ><i class='material-icons'>play_circle_filled<\/i><\/span>\n\t\t\t\t\t\t\t<p>\n\t\t\t\t\t\t\t\t<span class=\"qt-tit\">01. Sanguis Electro<\/span><br>\n\t\t\t\t\t\t\t\t<span class=\"qt-art\">\n\t\t\t\t\t\t\t\t\tRubens R\u00e4ight\t\t\t\t\t\t\t\t<\/span>\n\t\t\t\t\t\t\t<\/p>\n\t\t\t\t\t\t\t\t\t\t\t\t\t\t\t\t<a href=\"https:\/\/www.beatport.com\/es\/release\/sanguis-electro\/4135341\" class=\"qt-cart\" target=\"_blank\"><i class=\"material-icons\">file_download<\/i><\/a>\n\t\t\t\t\t\t\t\t\t\t\t\t\t\t\t<\/li>\n\t\t\t\t\t\t\t\t\t\t\t\t<li class=\"qtmusicplayer-trackitem\">\n\t\t\t\t\t\t\t\t\t\t\t\t\t\t\t<img decoding=\"async\" src=\"https:\/\/www.rubensraight.com\/wp-content\/uploads\/2024\/01\/Decoy-Original-mix-mp3-image.jpg\" alt=\"Decoy\">\n\t\t\t\t\t\t\t\t\t\t\t\t\t\t\t<span class=\"qt-play qt-link-sec qtmusicplayer-play-btn\" data-qtmplayer-cover=\"https:\/\/www.rubensraight.com\/wp-content\/uploads\/2024\/01\/Decoy-Original-mix-mp3-image.jpg\" data-qtmplayer-file=\"https:\/\/www.rubensraight.com\/wp-content\/uploads\/2017\/11\/Decoy-Original-mix.mp3\" \n\t\t\t\t\t\t\t\tdata-qtmplayer-title=\"Decoy\" \n\t\t\t\t\t\t\t\tdata-qtmplayer-artist=\"Rubens R\u00e4ight\" \n\t\t\t\t\t\t\t\tdata-qtmplayer-album=\"\"\n\t\t\t\t\t\t\t\tdata-qtmplayer-link=\"https:\/\/www.beatport.com\/es\/release\/decoy\/4032155\" \n\t\t\t\t\t\t\t\tdata-qtmplayer-buylink=\"https:\/\/www.beatport.com\/es\/release\/decoy\/4032155\" \n\t\t\t\t\t\t\t\tdata-qtmplayer-icon=\"file_download\" ><i class='material-icons'>play_circle_filled<\/i><\/span>\n\t\t\t\t\t\t\t<p>\n\t\t\t\t\t\t\t\t<span class=\"qt-tit\">02. Decoy<\/span><br>\n\t\t\t\t\t\t\t\t<span class=\"qt-art\">\n\t\t\t\t\t\t\t\t\tRubens R\u00e4ight\t\t\t\t\t\t\t\t<\/span>\n\t\t\t\t\t\t\t<\/p>\n\t\t\t\t\t\t\t\t\t\t\t\t\t\t\t\t<a href=\"https:\/\/www.beatport.com\/es\/release\/decoy\/4032155\" class=\"qt-cart\" target=\"_blank\"><i class=\"material-icons\">file_download<\/i><\/a>\n\t\t\t\t\t\t\t\t\t\t\t\t\t\t\t<\/li>\n\t\t\t\t\t\t\t\t\t\t\t\t<li class=\"qtmusicplayer-trackitem\">\n\t\t\t\t\t\t\t\t\t\t\t\t\t\t\t<img decoding=\"async\" src=\"https:\/\/www.rubensraight.com\/wp-content\/uploads\/2017\/11\/CloVIX.jpg\" alt=\"CloVIX\">\n\t\t\t\t\t\t\t\t\t\t\t\t\t\t\t<span class=\"qt-play qt-link-sec qtmusicplayer-play-btn\" data-qtmplayer-cover=\"https:\/\/www.rubensraight.com\/wp-content\/uploads\/2017\/11\/CloVIX.jpg\" data-qtmplayer-file=\"https:\/\/www.rubensraight.com\/wp-content\/uploads\/2017\/11\/CloVIX.mp3\" \n\t\t\t\t\t\t\t\tdata-qtmplayer-title=\"CloVIX\" \n\t\t\t\t\t\t\t\tdata-qtmplayer-artist=\"Rubens R\u00e4ight\" \n\t\t\t\t\t\t\t\tdata-qtmplayer-album=\"\"\n\t\t\t\t\t\t\t\tdata-qtmplayer-link=\"https:\/\/www.beatport.com\/es\/artist\/rubens-raight\/1111320\" \n\t\t\t\t\t\t\t\tdata-qtmplayer-buylink=\"https:\/\/www.beatport.com\/es\/artist\/rubens-raight\/1111320\" \n\t\t\t\t\t\t\t\tdata-qtmplayer-icon=\"file_download\" ><i class='material-icons'>play_circle_filled<\/i><\/span>\n\t\t\t\t\t\t\t<p>\n\t\t\t\t\t\t\t\t<span class=\"qt-tit\">03. CloVIX<\/span><br>\n\t\t\t\t\t\t\t\t<span class=\"qt-art\">\n\t\t\t\t\t\t\t\t\tRubens R\u00e4ight\t\t\t\t\t\t\t\t<\/span>\n\t\t\t\t\t\t\t<\/p>\n\t\t\t\t\t\t\t\t\t\t\t\t\t\t\t\t<a href=\"https:\/\/www.beatport.com\/es\/artist\/rubens-raight\/1111320\" class=\"qt-cart\" target=\"_blank\"><i class=\"material-icons\">file_download<\/i><\/a>\n\t\t\t\t\t\t\t\t\t\t\t\t\t\t\t<\/li>\n\t\t\t\t\t\t\t\t\t\t\t\t<li class=\"qtmusicplayer-trackitem\">\n\t\t\t\t\t\t\t\t\t\t\t\t\t\t\t<img decoding=\"async\" src=\"https:\/\/www.rubensraight.com\/wp-content\/uploads\/2022\/05\/kentha-demo-album-6.jpg\" alt=\"Distech (Dendriux Mix HardCock Remix)\">\n\t\t\t\t\t\t\t\t\t\t\t\t\t\t\t<span class=\"qt-play qt-link-sec qtmusicplayer-play-btn\" data-qtmplayer-cover=\"https:\/\/www.rubensraight.com\/wp-content\/uploads\/2022\/05\/kentha-demo-album-6.jpg\" data-qtmplayer-file=\"https:\/\/www.rubensraight.com\/wp-content\/uploads\/2017\/11\/Distech-Dendriux-Mix-HardCock-Remix.mp3\" \n\t\t\t\t\t\t\t\tdata-qtmplayer-title=\"Distech (Dendriux Mix HardCock Remix)\" \n\t\t\t\t\t\t\t\tdata-qtmplayer-artist=\"Rubens R\u00e4ight\" \n\t\t\t\t\t\t\t\tdata-qtmplayer-album=\"\"\n\t\t\t\t\t\t\t\tdata-qtmplayer-link=\"https:\/\/www.beatport.com\/es\/artist\/rubens-raight\/1111320\" \n\t\t\t\t\t\t\t\tdata-qtmplayer-buylink=\"https:\/\/www.beatport.com\/es\/artist\/rubens-raight\/1111320\" \n\t\t\t\t\t\t\t\tdata-qtmplayer-icon=\"file_download\" ><i class='material-icons'>play_circle_filled<\/i><\/span>\n\t\t\t\t\t\t\t<p>\n\t\t\t\t\t\t\t\t<span class=\"qt-tit\">04. Distech (Dendriux Mix HardCock Remix)<\/span><br>\n\t\t\t\t\t\t\t\t<span class=\"qt-art\">\n\t\t\t\t\t\t\t\t\tRubens R\u00e4ight\t\t\t\t\t\t\t\t<\/span>\n\t\t\t\t\t\t\t<\/p>\n\t\t\t\t\t\t\t\t\t\t\t\t\t\t\t\t<a href=\"https:\/\/www.beatport.com\/es\/artist\/rubens-raight\/1111320\" class=\"qt-cart\" target=\"_blank\"><i class=\"material-icons\">file_download<\/i><\/a>\n\t\t\t\t\t\t\t\t\t\t\t\t\t\t\t<\/li>\n\t\t\t\t\t\t\t\t\t\t<\/ul>\n\t\t\t<\/div>\n\t\t\t\t\t\t\t<\/div>\n\t\t\t\t<\/div>\n\t\t\t\t\t<\/div>\n\t\t<\/div>\n\t\t\t\t\t<\/div>\n\t\t<\/section>\n\t\t\t\t<section class=\"elementor-section elementor-top-section elementor-element elementor-element-27c1e9d elementor-section-content-middle elementor-section-boxed elementor-section-height-default elementor-section-height-default\" data-id=\"27c1e9d\" data-element_type=\"section\" id=\"reservations\" data-settings=\"{&quot;background_background&quot;:&quot;classic&quot;}\">\n\t\t\t\t\t\t<div class=\"elementor-container elementor-column-gap-default\">\n\t\t\t\t\t<div class=\"elementor-column elementor-col-50 elementor-top-column elementor-element elementor-element-0af73d7\" data-id=\"0af73d7\" data-element_type=\"column\">\n\t\t\t<div class=\"elementor-widget-wrap elementor-element-populated\">\n\t\t\t\t\t\t<div class=\"elementor-element elementor-element-db5e5b2 elementor-invisible elementor-widget elementor-widget-heading\" data-id=\"db5e5b2\" data-element_type=\"widget\" data-settings=\"{&quot;_animation&quot;:&quot;fadeInLeft&quot;}\" data-widget_type=\"heading.default\">\n\t\t\t\t<div class=\"elementor-widget-container\">\n\t\t\t\t\t<h2 class=\"elementor-heading-title elementor-size-default\">BOOKING<BR>\nINFO<\/h2>\t\t\t\t<\/div>\n\t\t\t\t<\/div>\n\t\t\t\t<div class=\"elementor-element elementor-element-b1fbb23 elementor-icon-list--layout-traditional elementor-list-item-link-full_width elementor-invisible elementor-widget elementor-widget-icon-list\" data-id=\"b1fbb23\" data-element_type=\"widget\" data-settings=\"{&quot;_animation&quot;:&quot;fadeInLeft&quot;,&quot;_animation_delay&quot;:300}\" data-widget_type=\"icon-list.default\">\n\t\t\t\t<div class=\"elementor-widget-container\">\n\t\t\t\t\t\t\t<ul class=\"elementor-icon-list-items\">\n\t\t\t\t\t\t\t<li class=\"elementor-icon-list-item\">\n\t\t\t\t\t\t\t\t\t\t\t<a href=\"https:\/\/wa.link\/zpam61\">\n\n\t\t\t\t\t\t\t\t\t\t\t\t<span class=\"elementor-icon-list-icon\">\n\t\t\t\t\t\t\t<i aria-hidden=\"true\" class=\"fab fa-whatsapp\"><\/i>\t\t\t\t\t\t<\/span>\n\t\t\t\t\t\t\t\t\t\t<span class=\"elementor-icon-list-text\">WhatsApp Me<\/span>\n\t\t\t\t\t\t\t\t\t\t\t<\/a>\n\t\t\t\t\t\t\t\t\t<\/li>\n\t\t\t\t\t\t\t\t<li class=\"elementor-icon-list-item\">\n\t\t\t\t\t\t\t\t\t\t\t<a href=\"mailto:contact@rubensraight.com\">\n\n\t\t\t\t\t\t\t\t\t\t\t\t<span class=\"elementor-icon-list-icon\">\n\t\t\t\t\t\t\t<i aria-hidden=\"true\" class=\"far fa-envelope\"><\/i>\t\t\t\t\t\t<\/span>\n\t\t\t\t\t\t\t\t\t\t<span class=\"elementor-icon-list-text\">Email Me<\/span>\n\t\t\t\t\t\t\t\t\t\t\t<\/a>\n\t\t\t\t\t\t\t\t\t<\/li>\n\t\t\t\t\t\t\t\t<li class=\"elementor-icon-list-item\">\n\t\t\t\t\t\t\t\t\t\t\t<a href=\"https:\/\/t.me\/username\/Rubens_Raight\">\n\n\t\t\t\t\t\t\t\t\t\t\t\t<span class=\"elementor-icon-list-icon\">\n\t\t\t\t\t\t\t<i aria-hidden=\"true\" class=\"fab fa-telegram\"><\/i>\t\t\t\t\t\t<\/span>\n\t\t\t\t\t\t\t\t\t\t<span class=\"elementor-icon-list-text\">Telegram<\/span>\n\t\t\t\t\t\t\t\t\t\t\t<\/a>\n\t\t\t\t\t\t\t\t\t<\/li>\n\t\t\t\t\t\t\t\t<li class=\"elementor-icon-list-item\">\n\t\t\t\t\t\t\t\t\t\t\t<a href=\"https:\/\/www.tiktok.com\/@rubens.raight\">\n\n\t\t\t\t\t\t\t\t\t\t\t\t<span class=\"elementor-icon-list-icon\">\n\t\t\t\t\t\t\t<i aria-hidden=\"true\" class=\"fab fa-tiktok\"><\/i>\t\t\t\t\t\t<\/span>\n\t\t\t\t\t\t\t\t\t\t<span class=\"elementor-icon-list-text\">TikTok<\/span>\n\t\t\t\t\t\t\t\t\t\t\t<\/a>\n\t\t\t\t\t\t\t\t\t<\/li>\n\t\t\t\t\t\t<\/ul>\n\t\t\t\t\t\t<\/div>\n\t\t\t\t<\/div>\n\t\t\t\t\t<\/div>\n\t\t<\/div>\n\t\t\t\t<div class=\"elementor-column elementor-col-50 elementor-top-column elementor-element elementor-element-54ad7ef\" data-id=\"54ad7ef\" data-element_type=\"column\">\n\t\t\t<div class=\"elementor-widget-wrap elementor-element-populated\">\n\t\t\t\t\t\t<section class=\"elementor-section elementor-inner-section elementor-element elementor-element-4c5bf30 elementor-section-boxed elementor-section-height-default elementor-section-height-default elementor-invisible\" data-id=\"4c5bf30\" data-element_type=\"section\" data-settings=\"{&quot;shape_divider_top&quot;:&quot;tilt&quot;,&quot;shape_divider_bottom&quot;:&quot;tilt&quot;,&quot;animation&quot;:&quot;fadeInRight&quot;,&quot;animation_delay&quot;:500}\">\n\t\t\t\t\t<div class=\"elementor-shape elementor-shape-top\" aria-hidden=\"true\" data-negative=\"false\">\n\t\t\t<svg xmlns=\"http:\/\/www.w3.org\/2000\/svg\" viewBox=\"0 0 1000 100\" preserveAspectRatio=\"none\">\n\t<path class=\"elementor-shape-fill\" d=\"M0,6V0h1000v100L0,6z\"\/>\n<\/svg>\t\t<\/div>\n\t\t\t\t<div class=\"elementor-shape elementor-shape-bottom\" aria-hidden=\"true\" data-negative=\"false\">\n\t\t\t<svg xmlns=\"http:\/\/www.w3.org\/2000\/svg\" viewBox=\"0 0 1000 100\" preserveAspectRatio=\"none\">\n\t<path class=\"elementor-shape-fill\" d=\"M0,6V0h1000v100L0,6z\"\/>\n<\/svg>\t\t<\/div>\n\t\t\t\t\t<div class=\"elementor-container elementor-column-gap-default\">\n\t\t\t\t\t<div class=\"elementor-column elementor-col-100 elementor-inner-column elementor-element elementor-element-04f5b44\" data-id=\"04f5b44\" data-element_type=\"column\">\n\t\t\t<div class=\"elementor-widget-wrap elementor-element-populated\">\n\t\t\t\t\t\t<div class=\"elementor-element elementor-element-29473db elementor-widget elementor-widget-kentha-elementor-qt-cf7\" data-id=\"29473db\" data-element_type=\"widget\" data-widget_type=\"kentha-elementor-qt-cf7.default\">\n\t\t\t\t<div class=\"elementor-widget-container\">\n\t\t\t\t\t\n<div class=\"wpcf7 no-js\" id=\"wpcf7-f6-o1\" lang=\"en-US\" dir=\"ltr\" data-wpcf7-id=\"6\">\n<div class=\"screen-reader-response\"><p role=\"status\" aria-live=\"polite\" aria-atomic=\"true\"><\/p> <ul><\/ul><\/div>\n<form action=\"\/index.php?rest_route=%2Fwp%2Fv2%2Fpages%2F1331#wpcf7-f6-o1\" method=\"post\" class=\"wpcf7-form init\" aria-label=\"Contact form\" novalidate=\"novalidate\" data-status=\"init\">\n<div style=\"display: none;\">\n<input type=\"hidden\" name=\"_wpcf7\" value=\"6\" \/>\n<input type=\"hidden\" name=\"_wpcf7_version\" value=\"6.0.6\" \/>\n<input type=\"hidden\" name=\"_wpcf7_locale\" value=\"en_US\" \/>\n<input type=\"hidden\" name=\"_wpcf7_unit_tag\" value=\"wpcf7-f6-o1\" \/>\n<input type=\"hidden\" name=\"_wpcf7_container_post\" value=\"0\" \/>\n<input type=\"hidden\" name=\"_wpcf7_posted_data_hash\" value=\"\" \/>\n<\/div>\n<p><label> Your name<br \/>\n<input size=\"40\" maxlength=\"400\" class=\"wpcf7-form-control wpcf7-text wpcf7-validates-as-required\" autocomplete=\"name\" aria-required=\"true\" aria-invalid=\"false\" value=\"\" type=\"text\" name=\"your-name\" \/> <\/label>\n<\/p>\n<p><label> Your email<br \/>\n<input size=\"40\" maxlength=\"400\" class=\"wpcf7-form-control wpcf7-email wpcf7-validates-as-required wpcf7-text wpcf7-validates-as-email\" autocomplete=\"email\" aria-required=\"true\" aria-invalid=\"false\" value=\"\" type=\"email\" name=\"your-email\" \/> <\/label>\n<\/p>\n<p><label> Subject<br \/>\n<input size=\"40\" maxlength=\"400\" class=\"wpcf7-form-control wpcf7-text wpcf7-validates-as-required\" aria-required=\"true\" aria-invalid=\"false\" value=\"\" type=\"text\" name=\"your-subject\" \/> <\/label>\n<\/p>\n<p><label> Your message (optional)<br \/>\n<textarea cols=\"40\" rows=\"10\" maxlength=\"2000\" class=\"wpcf7-form-control wpcf7-textarea\" aria-invalid=\"false\" name=\"your-message\"><\/textarea> <\/label>\n<\/p>\n<p><input class=\"wpcf7-form-control wpcf7-submit has-spinner\" type=\"submit\" value=\"Submit It\" \/>\n<\/p><p style=\"display: none !important;\" class=\"akismet-fields-container\" data-prefix=\"_wpcf7_ak_\"><label>&#916;<textarea name=\"_wpcf7_ak_hp_textarea\" cols=\"45\" rows=\"8\" maxlength=\"100\"><\/textarea><\/label><input type=\"hidden\" id=\"ak_js_1\" name=\"_wpcf7_ak_js\" value=\"207\"\/><script>document.getElementById( \"ak_js_1\" ).setAttribute( \"value\", ( new Date() ).getTime() );<\/script><\/p><div class=\"wpcf7-response-output\" aria-hidden=\"true\"><\/div>\n<\/form>\n<\/div>\n\t\t\t\t<\/div>\n\t\t\t\t<\/div>\n\t\t\t\t\t<\/div>\n\t\t<\/div>\n\t\t\t\t\t<\/div>\n\t\t<\/section>\n\t\t\t\t\t<\/div>\n\t\t<\/div>\n\t\t\t\t\t<\/div>\n\t\t<\/section>\n\t\t\t\t<section class=\"elementor-section elementor-top-section elementor-element elementor-element-e618b9f elementor-section-boxed elementor-section-height-default elementor-section-height-default\" data-id=\"e618b9f\" data-element_type=\"section\" data-settings=\"{&quot;background_background&quot;:&quot;classic&quot;}\">\n\t\t\t\t\t\t<div class=\"elementor-container elementor-column-gap-default\">\n\t\t\t\t\t<div class=\"elementor-column elementor-col-100 elementor-top-column elementor-element elementor-element-28154a0\" data-id=\"28154a0\" data-element_type=\"column\">\n\t\t\t<div class=\"elementor-widget-wrap elementor-element-populated\">\n\t\t\t\t\t\t<div class=\"elementor-element elementor-element-2a094f7 elementor-invisible elementor-widget elementor-widget-kentha-elementor-section-caption\" data-id=\"2a094f7\" data-element_type=\"widget\" data-settings=\"{&quot;_animation&quot;:&quot;fadeInLeft&quot;}\" data-widget_type=\"kentha-elementor-section-caption.default\">\n\t\t\t\t<div class=\"elementor-widget-container\">\n\t\t\t\t\t\t\t<h2 id=\"qttabseddb-follow-me\" class=\"qt-center qt-qttabseddb-follow-me qt-textfx-wrap qt-fontsize-h1\">\n\t\t\t\t\t\t\t\t<span class=\"qt-txtfx qt-txtfx--ibiza\"><span  data-letters=\"FOLLOW ME\">FOLLOW ME<\/span><\/span>\n\t\t\t\t\t\t\t<\/h2>\n\t\t\t\t<div data-kentha-customstyles=\"\/* Shortcode dynamically generated CSS *\/\n\t\t\t\t\t.qt-qttabseddb-follow-me .qt-txtfx--ibiza, .qt-qttabseddb-follow-me .qt-txtfx--ibiza.qt-txtfxstart { color: #FFDF00}\n\t\t\t\t\t.qt-qttabseddb-follow-me .qt-txtfx--ibiza span::before { color: #000000}\n\t\t\t\t\t.qt-qttabseddb-follow-me .qt-txtfx--ibiza::after { background: #FFDF00}\"><\/div>\n\t\t\t\t\t\t<\/div>\n\t\t\t\t<\/div>\n\t\t\t\t<div class=\"elementor-element elementor-element-c46b821 elementor-shape-rounded elementor-grid-0 e-grid-align-center elementor-invisible elementor-widget elementor-widget-social-icons\" data-id=\"c46b821\" data-element_type=\"widget\" data-settings=\"{&quot;_animation&quot;:&quot;fadeInRight&quot;,&quot;_animation_delay&quot;:300}\" data-widget_type=\"social-icons.default\">\n\t\t\t\t<div class=\"elementor-widget-container\">\n\t\t\t\t\t\t\t<div class=\"elementor-social-icons-wrapper elementor-grid\" role=\"list\">\n\t\t\t\t\t\t\t<span class=\"elementor-grid-item\" role=\"listitem\">\n\t\t\t\t\t<a class=\"elementor-icon elementor-social-icon elementor-social-icon-facebook elementor-repeater-item-b3410ab\" href=\"https:\/\/www.facebook.com\/profile.php?id=100089825060685\" target=\"_blank\">\n\t\t\t\t\t\t<span class=\"elementor-screen-only\">Facebook<\/span>\n\t\t\t\t\t\t<i class=\"fab fa-facebook\"><\/i>\t\t\t\t\t<\/a>\n\t\t\t\t<\/span>\n\t\t\t\t\t\t\t<span class=\"elementor-grid-item\" role=\"listitem\">\n\t\t\t\t\t<a class=\"elementor-icon elementor-social-icon elementor-social-icon-instagram elementor-repeater-item-174974c\" href=\"https:\/\/www.instagram.com\/rubens_raight\" target=\"_blank\">\n\t\t\t\t\t\t<span class=\"elementor-screen-only\">Instagram<\/span>\n\t\t\t\t\t\t<i class=\"fab fa-instagram\"><\/i>\t\t\t\t\t<\/a>\n\t\t\t\t<\/span>\n\t\t\t\t\t\t\t<span class=\"elementor-grid-item\" role=\"listitem\">\n\t\t\t\t\t<a class=\"elementor-icon elementor-social-icon elementor-social-icon-spotify elementor-repeater-item-82cf6e4\" href=\"https:\/\/open.spotify.com\/intl-es\/artist\/6xRuODBC4nWaSdY7y8jTUi?si=R6CRiD97SvyR748HE-9Zzg\" target=\"_blank\">\n\t\t\t\t\t\t<span class=\"elementor-screen-only\">Spotify<\/span>\n\t\t\t\t\t\t<i class=\"fab fa-spotify\"><\/i>\t\t\t\t\t<\/a>\n\t\t\t\t<\/span>\n\t\t\t\t\t\t\t<span class=\"elementor-grid-item\" role=\"listitem\">\n\t\t\t\t\t<a class=\"elementor-icon elementor-social-icon elementor-social-icon-soundcloud elementor-repeater-item-33abe29\" href=\"https:\/\/soundcloud.com\/rubens_raight\" target=\"_blank\">\n\t\t\t\t\t\t<span class=\"elementor-screen-only\">Soundcloud<\/span>\n\t\t\t\t\t\t<i class=\"fab fa-soundcloud\"><\/i>\t\t\t\t\t<\/a>\n\t\t\t\t<\/span>\n\t\t\t\t\t\t\t<span class=\"elementor-grid-item\" role=\"listitem\">\n\t\t\t\t\t<a class=\"elementor-icon elementor-social-icon elementor-social-icon-twitter elementor-repeater-item-7ffdbbe\" href=\"https:\/\/twitter.com\/RubensRaight\" target=\"_blank\">\n\t\t\t\t\t\t<span class=\"elementor-screen-only\">Twitter<\/span>\n\t\t\t\t\t\t<i class=\"fab fa-twitter\"><\/i>\t\t\t\t\t<\/a>\n\t\t\t\t<\/span>\n\t\t\t\t\t<\/div>\n\t\t\t\t\t\t<\/div>\n\t\t\t\t<\/div>\n\t\t\t\t\t<\/div>\n\t\t<\/div>\n\t\t\t\t\t<\/div>\n\t\t<\/section>\n\t\t\t\t<\/div>\n\t\t","protected":false},"excerpt":{"rendered":"<p>06.20.2025 &#8211; &quot;EkuN&quot; &#8211; NEW SINGLE! TOP TRACKS play_circle_filled 01. Sanguis Electro Rubens R\u00e4ight file_download play_circle_filled 02. Decoy Rubens R\u00e4ight file_download play_circle_filled 03. CloVIX Rubens R\u00e4ight file_download play_circle_filled 04. Distech (Dendriux Mix HardCock Remix) Rubens R\u00e4ight file_download BOOKING INFO WhatsApp Me Email Me Telegram TikTok Your name Your email Subject [&hellip;]<\/p>\n","protected":false},"author":1,"featured_media":0,"parent":0,"menu_order":0,"comment_status":"closed","ping_status":"closed","template":"page-visualcomposer.php","meta":{"footnotes":""},"class_list":["post-1331","page","type-page","status-publish","hentry"],"_links":{"self":[{"href":"https:\/\/www.rubensraight.com\/index.php?rest_route=\/wp\/v2\/pages\/1331","targetHints":{"allow":["GET"]}}],"collection":[{"href":"https:\/\/www.rubensraight.com\/index.php?rest_route=\/wp\/v2\/pages"}],"about":[{"href":"https:\/\/www.rubensraight.com\/index.php?rest_route=\/wp\/v2\/types\/page"}],"author":[{"embeddable":true,"href":"https:\/\/www.rubensraight.com\/index.php?rest_route=\/wp\/v2\/users\/1"}],"replies":[{"embeddable":true,"href":"https:\/\/www.rubensraight.com\/index.php?rest_route=%2Fwp%2Fv2%2Fcomments&post=1331"}],"version-history":[{"count":52,"href":"https:\/\/www.rubensraight.com\/index.php?rest_route=\/wp\/v2\/pages\/1331\/revisions"}],"predecessor-version":[{"id":1687,"href":"https:\/\/www.rubensraight.com\/index.php?rest_route=\/wp\/v2\/pages\/1331\/revisions\/1687"}],"wp:attachment":[{"href":"https:\/\/www.rubensraight.com\/index.php?rest_route=%2Fwp%2Fv2%2Fmedia&parent=1331"}],"curies":[{"name":"wp","href":"https:\/\/api.w.org\/{rel}","templated":true}]}}